{"id":5166,"date":"2026-02-27T15:30:34","date_gmt":"2026-02-27T14:30:34","guid":{"rendered":"https:\/\/foam-world.de\/?post_type=product&#038;p=5166"},"modified":"2026-02-27T15:30:54","modified_gmt":"2026-02-27T14:30:54","slug":"winkehand-heart-2-pages","status":"publish","type":"product","link":"https:\/\/foam-world.de\/fr\/produkt\/winkehand-heart-2-seitig\/","title":{"rendered":"Gant \u00e0 main Heart, 2 c\u00f4t\u00e9s"},"content":{"rendered":"<p>De grands gants de signalisation pour les \u00e9v\u00e9nements sportifs, les concerts, les festivals, les campagnes \u00e9lectorales et tous les endroits o\u00f9 une publicit\u00e9 visible est n\u00e9cessaire.<\/p>","protected":false},"excerpt":{"rendered":"<p>De grands gants de signalisation pour les \u00e9v\u00e9nements sportifs, les concerts, les festivals, les campagnes \u00e9lectorales et tous les endroits o\u00f9 une publicit\u00e9 visible est n\u00e9cessaire.<\/p>","protected":false},"featured_media":4309,"comment_status":"closed","ping_status":"closed","template":"","meta":{"_et_pb_use_builder":"","_et_pb_old_content":"","_et_gb_content_width":""},"product_brand":[],"product_cat":[18],"product_tag":[],"class_list":{"0":"post-5166","1":"product","2":"type-product","3":"status-publish","4":"has-post-thumbnail","6":"product_cat-winkehaende","8":"first","9":"instock","10":"shipping-taxable","11":"product-type-variable"},"_links":{"self":[{"href":"https:\/\/foam-world.de\/fr\/wp-json\/wp\/v2\/product\/5166","targetHints":{"allow":["GET"]}}],"collection":[{"href":"https:\/\/foam-world.de\/fr\/wp-json\/wp\/v2\/product"}],"about":[{"href":"https:\/\/foam-world.de\/fr\/wp-json\/wp\/v2\/types\/product"}],"replies":[{"embeddable":true,"href":"https:\/\/foam-world.de\/fr\/wp-json\/wp\/v2\/comments?post=5166"}],"wp:featuredmedia":[{"embeddable":true,"href":"https:\/\/foam-world.de\/fr\/wp-json\/wp\/v2\/media\/4309"}],"wp:attachment":[{"href":"https:\/\/foam-world.de\/fr\/wp-json\/wp\/v2\/media?parent=5166"}],"wp:term":[{"taxonomy":"product_brand","embeddable":true,"href":"https:\/\/foam-world.de\/fr\/wp-json\/wp\/v2\/product_brand?post=5166"},{"taxonomy":"product_cat","embeddable":true,"href":"https:\/\/foam-world.de\/fr\/wp-json\/wp\/v2\/product_cat?post=5166"},{"taxonomy":"product_tag","embeddable":true,"href":"https:\/\/foam-world.de\/fr\/wp-json\/wp\/v2\/product_tag?post=5166"}],"curies":[{"name":"wp","href":"https:\/\/api.w.org\/{rel}","templated":true}]}}