{"id":4954,"date":"2026-02-27T15:27:48","date_gmt":"2026-02-27T14:27:48","guid":{"rendered":"https:\/\/foam-world.de\/?post_type=product&#038;p=4954"},"modified":"2026-03-03T11:12:06","modified_gmt":"2026-03-03T10:12:06","slug":"barres-de-clapping-bio","status":"publish","type":"product","link":"https:\/\/foam-world.de\/fr\/produkt\/klatschstangen-bio\/","title":{"rendered":"Barres \u00e0 claques Bio"},"content":{"rendered":"<p>Barres \u00e0 claquer gonflables BIO. Biopolym\u00e8re \u00e0 base de f\u00e9cule de pomme de terre. Biod\u00e9gradable et compostable dans le jardin familial selon la norme europ\u00e9enne EN 13432. Avec paille en papier pour le gonflage.<\/p>","protected":false},"excerpt":{"rendered":"<p>Barres \u00e0 claquer gonflables BIO. Biopolym\u00e8re \u00e0 base de f\u00e9cule de pomme de terre. Biod\u00e9gradable et compostable dans le jardin familial selon la norme europ\u00e9enne EN 13432. Avec paille en papier pour le gonflage.<\/p>","protected":false},"featured_media":4085,"comment_status":"closed","ping_status":"closed","template":"","meta":{"_et_pb_use_builder":"","_et_pb_old_content":"","_et_gb_content_width":""},"product_brand":[],"product_cat":[21],"product_tag":[],"class_list":{"0":"post-4954","1":"product","2":"type-product","3":"status-publish","4":"has-post-thumbnail","6":"product_cat-fanartikel","8":"first","9":"instock","10":"shipping-taxable","11":"product-type-variable"},"_links":{"self":[{"href":"https:\/\/foam-world.de\/fr\/wp-json\/wp\/v2\/product\/4954","targetHints":{"allow":["GET"]}}],"collection":[{"href":"https:\/\/foam-world.de\/fr\/wp-json\/wp\/v2\/product"}],"about":[{"href":"https:\/\/foam-world.de\/fr\/wp-json\/wp\/v2\/types\/product"}],"replies":[{"embeddable":true,"href":"https:\/\/foam-world.de\/fr\/wp-json\/wp\/v2\/comments?post=4954"}],"wp:featuredmedia":[{"embeddable":true,"href":"https:\/\/foam-world.de\/fr\/wp-json\/wp\/v2\/media\/4085"}],"wp:attachment":[{"href":"https:\/\/foam-world.de\/fr\/wp-json\/wp\/v2\/media?parent=4954"}],"wp:term":[{"taxonomy":"product_brand","embeddable":true,"href":"https:\/\/foam-world.de\/fr\/wp-json\/wp\/v2\/product_brand?post=4954"},{"taxonomy":"product_cat","embeddable":true,"href":"https:\/\/foam-world.de\/fr\/wp-json\/wp\/v2\/product_cat?post=4954"},{"taxonomy":"product_tag","embeddable":true,"href":"https:\/\/foam-world.de\/fr\/wp-json\/wp\/v2\/product_tag?post=4954"}],"curies":[{"name":"wp","href":"https:\/\/api.w.org\/{rel}","templated":true}]}}