{"id":4923,"date":"2026-02-27T15:27:36","date_gmt":"2026-02-27T14:27:36","guid":{"rendered":"https:\/\/foam-world.de\/?post_type=product&#038;p=4923"},"modified":"2026-02-27T15:27:47","modified_gmt":"2026-02-27T14:27:47","slug":"coussin-de-siege-full-colour-budget-seat","status":"publish","type":"product","link":"https:\/\/foam-world.de\/fr\/produkt\/sitzkissen-full-colour-budget-seat\/","title":{"rendered":"Coussin d'assise Full Colour Budget Seat"},"content":{"rendered":"<p>Les coussins de si\u00e8ges sont des supports publicitaires utiles pour les \u00e9v\u00e9nements sportifs, les concerts en plein air, le th\u00e9\u00e2tre en plein air et bien plus encore. Probablement le plus grand choix du march\u00e9 pour toutes les exigences de qualit\u00e9 et tous les budgets !<\/p>","protected":false},"excerpt":{"rendered":"<p>Les coussins de si\u00e8ges sont des supports publicitaires utiles pour les \u00e9v\u00e9nements sportifs, les concerts en plein air, le th\u00e9\u00e2tre en plein air et bien plus encore. Probablement le plus grand choix du march\u00e9 pour toutes les exigences de qualit\u00e9 et tous les budgets !<\/p>","protected":false},"featured_media":4339,"comment_status":"closed","ping_status":"closed","template":"","meta":{"_et_pb_use_builder":"","_et_pb_old_content":"","_et_gb_content_width":""},"product_brand":[],"product_cat":[19],"product_tag":[],"class_list":{"0":"post-4923","1":"product","2":"type-product","3":"status-publish","4":"has-post-thumbnail","6":"product_cat-sitzkissen","8":"first","9":"instock","10":"shipping-taxable","11":"product-type-variable"},"_links":{"self":[{"href":"https:\/\/foam-world.de\/fr\/wp-json\/wp\/v2\/product\/4923","targetHints":{"allow":["GET"]}}],"collection":[{"href":"https:\/\/foam-world.de\/fr\/wp-json\/wp\/v2\/product"}],"about":[{"href":"https:\/\/foam-world.de\/fr\/wp-json\/wp\/v2\/types\/product"}],"replies":[{"embeddable":true,"href":"https:\/\/foam-world.de\/fr\/wp-json\/wp\/v2\/comments?post=4923"}],"wp:featuredmedia":[{"embeddable":true,"href":"https:\/\/foam-world.de\/fr\/wp-json\/wp\/v2\/media\/4339"}],"wp:attachment":[{"href":"https:\/\/foam-world.de\/fr\/wp-json\/wp\/v2\/media?parent=4923"}],"wp:term":[{"taxonomy":"product_brand","embeddable":true,"href":"https:\/\/foam-world.de\/fr\/wp-json\/wp\/v2\/product_brand?post=4923"},{"taxonomy":"product_cat","embeddable":true,"href":"https:\/\/foam-world.de\/fr\/wp-json\/wp\/v2\/product_cat?post=4923"},{"taxonomy":"product_tag","embeddable":true,"href":"https:\/\/foam-world.de\/fr\/wp-json\/wp\/v2\/product_tag?post=4923"}],"curies":[{"name":"wp","href":"https:\/\/api.w.org\/{rel}","templated":true}]}}