{"id":4894,"date":"2026-02-27T15:27:23","date_gmt":"2026-02-27T14:27:23","guid":{"rendered":"https:\/\/foam-world.de\/?post_type=product&#038;p=4894"},"modified":"2026-02-27T15:27:35","modified_gmt":"2026-02-27T14:27:35","slug":"barre-flottante-noodle-unie","status":"publish","type":"product","link":"https:\/\/foam-world.de\/fr\/produkt\/schwimmstange-noodle-einfarbig\/","title":{"rendered":"Schwimmstange &#038; Noodle Einfarbig"},"content":{"rendered":"<p>On les voit dans toutes les piscines, et ce pour une bonne raison : les perches COMFY\u00ae noodle sont des aides \u00e0 l'apprentissage de la natation qui ont fait leurs preuves et qui conviennent parfaitement \u00e0 l'aquagym. Flexibles, stables et color\u00e9es. Un excellent support publicitaire visible pour votre prochaine action d'\u00e9t\u00e9.<\/p>","protected":false},"excerpt":{"rendered":"<p>On les voit dans toutes les piscines, et ce pour une bonne raison : les perches COMFY\u00ae noodle sont des aides \u00e0 l'apprentissage de la natation qui ont fait leurs preuves et qui conviennent parfaitement \u00e0 l'aquagym. Flexibles, stables et color\u00e9es. Un excellent support publicitaire visible pour votre prochaine action d'\u00e9t\u00e9.<\/p>","protected":false},"featured_media":4155,"comment_status":"closed","ping_status":"closed","template":"","meta":{"_et_pb_use_builder":"","_et_pb_old_content":"","_et_gb_content_width":""},"product_brand":[],"product_cat":[20],"product_tag":[],"class_list":{"0":"post-4894","1":"product","2":"type-product","3":"status-publish","4":"has-post-thumbnail","6":"product_cat-aqua","8":"first","9":"instock","10":"shipping-taxable","11":"product-type-variable"},"_links":{"self":[{"href":"https:\/\/foam-world.de\/fr\/wp-json\/wp\/v2\/product\/4894","targetHints":{"allow":["GET"]}}],"collection":[{"href":"https:\/\/foam-world.de\/fr\/wp-json\/wp\/v2\/product"}],"about":[{"href":"https:\/\/foam-world.de\/fr\/wp-json\/wp\/v2\/types\/product"}],"replies":[{"embeddable":true,"href":"https:\/\/foam-world.de\/fr\/wp-json\/wp\/v2\/comments?post=4894"}],"wp:featuredmedia":[{"embeddable":true,"href":"https:\/\/foam-world.de\/fr\/wp-json\/wp\/v2\/media\/4155"}],"wp:attachment":[{"href":"https:\/\/foam-world.de\/fr\/wp-json\/wp\/v2\/media?parent=4894"}],"wp:term":[{"taxonomy":"product_brand","embeddable":true,"href":"https:\/\/foam-world.de\/fr\/wp-json\/wp\/v2\/product_brand?post=4894"},{"taxonomy":"product_cat","embeddable":true,"href":"https:\/\/foam-world.de\/fr\/wp-json\/wp\/v2\/product_cat?post=4894"},{"taxonomy":"product_tag","embeddable":true,"href":"https:\/\/foam-world.de\/fr\/wp-json\/wp\/v2\/product_tag?post=4894"}],"curies":[{"name":"wp","href":"https:\/\/api.w.org\/{rel}","templated":true}]}}