{"id":4865,"date":"2026-02-27T15:27:13","date_gmt":"2026-02-27T14:27:13","guid":{"rendered":"https:\/\/foam-world.de\/?post_type=product&#038;p=4865"},"modified":"2026-02-27T15:27:35","modified_gmt":"2026-02-27T14:27:35","slug":"planche-de-natation-kick-plus","status":"publish","type":"product","link":"https:\/\/foam-world.de\/fr\/produkt\/schwimmbrett-kick-plus\/","title":{"rendered":"Planche de natation Kick Plus"},"content":{"rendered":"<p>Support publicitaire visible pour votre prochaine action d'\u00e9t\u00e9. Sp\u00e9cialement adapt\u00e9 aux enfants \u00e0 partir de 3 ans.<\/p>","protected":false},"excerpt":{"rendered":"<p>Support publicitaire visible pour votre prochaine action d'\u00e9t\u00e9. Sp\u00e9cialement adapt\u00e9 aux enfants \u00e0 partir de 3 ans.<\/p>","protected":false},"featured_media":4142,"comment_status":"closed","ping_status":"closed","template":"","meta":{"_et_pb_use_builder":"","_et_pb_old_content":"","_et_gb_content_width":""},"product_brand":[],"product_cat":[20],"product_tag":[],"class_list":{"0":"post-4865","1":"product","2":"type-product","3":"status-publish","4":"has-post-thumbnail","6":"product_cat-aqua","8":"first","9":"instock","10":"shipping-taxable","11":"product-type-variable"},"_links":{"self":[{"href":"https:\/\/foam-world.de\/fr\/wp-json\/wp\/v2\/product\/4865","targetHints":{"allow":["GET"]}}],"collection":[{"href":"https:\/\/foam-world.de\/fr\/wp-json\/wp\/v2\/product"}],"about":[{"href":"https:\/\/foam-world.de\/fr\/wp-json\/wp\/v2\/types\/product"}],"replies":[{"embeddable":true,"href":"https:\/\/foam-world.de\/fr\/wp-json\/wp\/v2\/comments?post=4865"}],"wp:featuredmedia":[{"embeddable":true,"href":"https:\/\/foam-world.de\/fr\/wp-json\/wp\/v2\/media\/4142"}],"wp:attachment":[{"href":"https:\/\/foam-world.de\/fr\/wp-json\/wp\/v2\/media?parent=4865"}],"wp:term":[{"taxonomy":"product_brand","embeddable":true,"href":"https:\/\/foam-world.de\/fr\/wp-json\/wp\/v2\/product_brand?post=4865"},{"taxonomy":"product_cat","embeddable":true,"href":"https:\/\/foam-world.de\/fr\/wp-json\/wp\/v2\/product_cat?post=4865"},{"taxonomy":"product_tag","embeddable":true,"href":"https:\/\/foam-world.de\/fr\/wp-json\/wp\/v2\/product_tag?post=4865"}],"curies":[{"name":"wp","href":"https:\/\/api.w.org\/{rel}","templated":true}]}}