{"id":4864,"date":"2026-02-27T15:27:13","date_gmt":"2026-02-27T14:27:13","guid":{"rendered":"https:\/\/foam-world.de\/?post_type=product&#038;p=4864"},"modified":"2026-02-27T15:27:23","modified_gmt":"2026-02-27T14:27:23","slug":"porte-boissons-comfy-drink-holder-seat","status":"publish","type":"product","link":"https:\/\/foam-world.de\/fr\/produkt\/getraenkehalter-comfy-drink-holder-seat\/","title":{"rendered":"Porte-boissons Comfy Drink Holder Seat"},"content":{"rendered":"<p>Support publicitaire innovant pour votre \u00e9v\u00e9nement avec double fonction de porte-boisson et de coussin de si\u00e8ge.<\/p>","protected":false},"excerpt":{"rendered":"<p>Support publicitaire innovant pour votre \u00e9v\u00e9nement avec double fonction de porte-boisson et de coussin de si\u00e8ge.<\/p>","protected":false},"featured_media":4129,"comment_status":"closed","ping_status":"closed","template":"","meta":{"_et_pb_use_builder":"","_et_pb_old_content":"","_et_gb_content_width":""},"product_brand":[],"product_cat":[19],"product_tag":[],"class_list":{"0":"post-4864","1":"product","2":"type-product","3":"status-publish","4":"has-post-thumbnail","6":"product_cat-sitzkissen","8":"first","9":"instock","10":"shipping-taxable","11":"product-type-variable"},"_links":{"self":[{"href":"https:\/\/foam-world.de\/fr\/wp-json\/wp\/v2\/product\/4864","targetHints":{"allow":["GET"]}}],"collection":[{"href":"https:\/\/foam-world.de\/fr\/wp-json\/wp\/v2\/product"}],"about":[{"href":"https:\/\/foam-world.de\/fr\/wp-json\/wp\/v2\/types\/product"}],"replies":[{"embeddable":true,"href":"https:\/\/foam-world.de\/fr\/wp-json\/wp\/v2\/comments?post=4864"}],"wp:featuredmedia":[{"embeddable":true,"href":"https:\/\/foam-world.de\/fr\/wp-json\/wp\/v2\/media\/4129"}],"wp:attachment":[{"href":"https:\/\/foam-world.de\/fr\/wp-json\/wp\/v2\/media?parent=4864"}],"wp:term":[{"taxonomy":"product_brand","embeddable":true,"href":"https:\/\/foam-world.de\/fr\/wp-json\/wp\/v2\/product_brand?post=4864"},{"taxonomy":"product_cat","embeddable":true,"href":"https:\/\/foam-world.de\/fr\/wp-json\/wp\/v2\/product_cat?post=4864"},{"taxonomy":"product_tag","embeddable":true,"href":"https:\/\/foam-world.de\/fr\/wp-json\/wp\/v2\/product_tag?post=4864"}],"curies":[{"name":"wp","href":"https:\/\/api.w.org\/{rel}","templated":true}]}}