{"id":46,"date":"2023-12-20T15:18:26","date_gmt":"2023-12-20T14:18:26","guid":{"rendered":"https:\/\/foam-world.de\/warenkorb\/"},"modified":"2023-12-20T15:47:41","modified_gmt":"2023-12-20T14:47:41","slug":"panier-dachat","status":"publish","type":"page","link":"https:\/\/foam-world.de\/fr\/warenkorb\/","title":{"rendered":"Panier d'achat"},"content":{"rendered":"<div data-block-name=\"woocommerce\/cart\" class=\"wp-block-woocommerce-cart alignwide is-loading\">\n<div data-block-name=\"woocommerce\/filled-cart-block\" class=\"wp-block-woocommerce-filled-cart-block\">\n<div data-block-name=\"woocommerce\/cart-items-block\" class=\"wp-block-woocommerce-cart-items-block\">\n<div data-block-name=\"woocommerce\/cart-line-items-block\" class=\"wp-block-woocommerce-cart-line-items-block\"><\/div>\n\n\n\n<div data-block-name=\"woocommerce\/cart-cross-sells-block\" class=\"wp-block-woocommerce-cart-cross-sells-block\">\n<h2 class=\"wp-block-heading has-large-font-size\">Cela pourrait t'int\u00e9resser ...<\/h2>\n\n\n\n<div data-block-name=\"woocommerce\/cart-cross-sells-products-block\" class=\"wp-block-woocommerce-cart-cross-sells-products-block\"><\/div>\n<\/div>\n<\/div>\n\n\n\n<div data-block-name=\"woocommerce\/cart-totals-block\" class=\"wp-block-woocommerce-cart-totals-block\">\n<div data-block-name=\"woocommerce\/cart-order-summary-block\" class=\"wp-block-woocommerce-cart-order-summary-block\">\n<div data-block-name=\"woocommerce\/cart-order-summary-heading-block\" class=\"wp-block-woocommerce-cart-order-summary-heading-block\"><\/div><div data-block-name=\"woocommerce\/cart-order-summary-coupon-form-block\" class=\"wp-block-woocommerce-cart-order-summary-coupon-form-block\"><\/div><div data-block-name=\"woocommerce\/cart-order-summary-totals-block\" class=\"wp-block-woocommerce-cart-order-summary-totals-block\">\n<div data-block-name=\"woocommerce\/cart-order-summary-subtotal-block\" class=\"wp-block-woocommerce-cart-order-summary-subtotal-block\"><\/div>\n<div data-block-name=\"woocommerce\/cart-order-summary-discount-block\" class=\"wp-block-woocommerce-cart-order-summary-discount-block\"><\/div>\n<div data-block-name=\"woocommerce\/cart-order-summary-fee-block\" class=\"wp-block-woocommerce-cart-order-summary-fee-block\"><\/div>\n<div data-block-name=\"woocommerce\/cart-order-summary-shipping-block\" class=\"wp-block-woocommerce-cart-order-summary-shipping-block\"><\/div>\n<div data-block-name=\"woocommerce\/cart-order-summary-taxes-block\" class=\"wp-block-woocommerce-cart-order-summary-taxes-block\"><\/div><\/div>\n<\/div>\n\n\n\n<div data-block-name=\"woocommerce\/cart-express-payment-block\" class=\"wp-block-woocommerce-cart-express-payment-block\"><\/div>\n\n\n\n<div data-block-name=\"woocommerce\/proceed-to-checkout-block\" class=\"wp-block-woocommerce-proceed-to-checkout-block\"><\/div>\n\n\n\n<div data-block-name=\"woocommerce\/cart-accepted-payment-methods-block\" class=\"wp-block-woocommerce-cart-accepted-payment-methods-block\"><\/div>\n<\/div>\n<\/div>\n\n\n\n<div data-block-name=\"woocommerce\/empty-cart-block\" class=\"wp-block-woocommerce-empty-cart-block\">\n<h2 class=\"wp-block-heading has-text-align-center with-empty-cart-icon wc-block-cart__empty-cart__title\">Ton panier est actuellement vide !<\/h2>\n\n\n\n<hr class=\"wp-block-separator has-alpha-channel-opacity is-style-dots\"\/>\n\n\n\n<h2 class=\"wp-block-heading has-text-align-center\">Nouveau dans la boutique<\/h2>\n\n\n<div data-block-name=\"woocommerce\/product-new\" data-columns=\"4\" data-rows=\"1\" class=\"wc-block-grid wp-block-product-new wp-block-woocommerce-product-new wc-block-product-new has-4-columns\"><ul class=\"wc-block-grid__products\"><li class=\"wc-block-grid__product\">\n\t\t\t\t<a href=\"https:\/\/foam-world.de\/fr\/produkt\/winkehand-ok-glove-2-seitig\/\" class=\"wc-block-grid__product-link\">\n\t\t\t\t\t\n\t\t\t\t\t<div class=\"wc-block-grid__product-image\"><img loading=\"lazy\" decoding=\"async\" width=\"300\" height=\"300\" src=\"https:\/\/foam-world.de\/wp-content\/uploads\/FW-4247-2-0293U-300x300.jpg\" class=\"attachment-woocommerce_thumbnail size-woocommerce_thumbnail\" alt=\"Main d&#039;angle Ok&#039; Glove, 2 c\u00f4t\u00e9s\" \/><\/div>\n\t\t\t\t\t<div class=\"wc-block-grid__product-title\">Main d'angle Ok\u2018 Glove, 2 c\u00f4t\u00e9s<\/div>\n\t\t\t\t<\/a>\n\t\t\t\t<div class=\"wc-block-grid__product-price price\"><\/div>\n\t\t\t\t\n\t\t\t\t<div class=\"wp-block-button wc-block-grid__product-add-to-cart\"><a href=\"https:\/\/foam-world.de\/fr\/produkt\/winkehand-ok-glove-2-seitig\/\" aria-label=\"S\u00e9lectionner les options pour \u201cWinkehand Ok&#039; Glove, 2-Seitig\u201d\" data-quantity=\"1\" data-product_id=\"5192\" data-product_sku=\"4247-2\" data-price=\"0\" rel=\"nofollow\" class=\"wp-block-button__link  add_to_cart_button\" data-no-translation=\"\" data-trp-gettext=\"\" data-no-translation-aria-label=\"\">Lire la suite<\/a><\/div>\n\t\t\t<\/li><li class=\"wc-block-grid__product\">\n\t\t\t\t<a href=\"https:\/\/foam-world.de\/fr\/produkt\/winkehand-ok-glove-1-seitig\/\" class=\"wc-block-grid__product-link\">\n\t\t\t\t\t\n\t\t\t\t\t<div class=\"wc-block-grid__product-image\"><img loading=\"lazy\" decoding=\"async\" width=\"300\" height=\"300\" src=\"https:\/\/foam-world.de\/wp-content\/uploads\/FW-4247-1-0293U-300x300.jpg\" class=\"attachment-woocommerce_thumbnail size-woocommerce_thumbnail\" alt=\"Main d&#039;angle Ok&#039; Glove, 1 c\u00f4t\u00e9\" \/><\/div>\n\t\t\t\t\t<div class=\"wc-block-grid__product-title\">Main d'angle Ok\u2018 Glove, 1 c\u00f4t\u00e9<\/div>\n\t\t\t\t<\/a>\n\t\t\t\t<div class=\"wc-block-grid__product-price price\"><\/div>\n\t\t\t\t\n\t\t\t\t<div class=\"wp-block-button wc-block-grid__product-add-to-cart\"><a href=\"https:\/\/foam-world.de\/fr\/produkt\/winkehand-ok-glove-1-seitig\/\" aria-label=\"S\u00e9lectionner les options pour \u201cWinkehand Ok&#039; Glove, 1-Seitig\u201d\" data-quantity=\"1\" data-product_id=\"5169\" data-product_sku=\"4247-1\" data-price=\"0\" rel=\"nofollow\" class=\"wp-block-button__link  add_to_cart_button\" data-no-translation=\"\" data-trp-gettext=\"\" data-no-translation-aria-label=\"\">Lire la suite<\/a><\/div>\n\t\t\t<\/li><li class=\"wc-block-grid__product\">\n\t\t\t\t<a href=\"https:\/\/foam-world.de\/fr\/produkt\/winkehand-loser-hand-2-seitig\/\" class=\"wc-block-grid__product-link\">\n\t\t\t\t\t\n\t\t\t\t\t<div class=\"wc-block-grid__product-image\"><img loading=\"lazy\" decoding=\"async\" width=\"300\" height=\"300\" src=\"https:\/\/foam-world.de\/wp-content\/uploads\/FW-4246-2-0293U-300x300.jpg\" class=\"attachment-woocommerce_thumbnail size-woocommerce_thumbnail\" alt=\"Gant \u00e0 main main libre, 2 c\u00f4t\u00e9s\" \/><\/div>\n\t\t\t\t\t<div class=\"wc-block-grid__product-title\">Gant \u00e0 main main libre, 2 c\u00f4t\u00e9s<\/div>\n\t\t\t\t<\/a>\n\t\t\t\t<div class=\"wc-block-grid__product-price price\"><\/div>\n\t\t\t\t\n\t\t\t\t<div class=\"wp-block-button wc-block-grid__product-add-to-cart\"><a href=\"https:\/\/foam-world.de\/fr\/produkt\/winkehand-loser-hand-2-seitig\/\" aria-label=\"S\u00e9lectionner les options pour \u201cWinkehand Loser Hand, 2-Seitig\u201d\" data-quantity=\"1\" data-product_id=\"5168\" data-product_sku=\"4246-2\" data-price=\"0\" rel=\"nofollow\" class=\"wp-block-button__link  add_to_cart_button\" data-no-translation=\"\" data-trp-gettext=\"\" data-no-translation-aria-label=\"\">Lire la suite<\/a><\/div>\n\t\t\t<\/li><li class=\"wc-block-grid__product\">\n\t\t\t\t<a href=\"https:\/\/foam-world.de\/fr\/produkt\/winkehand-loser-hand-1-seitig\/\" class=\"wc-block-grid__product-link\">\n\t\t\t\t\t\n\t\t\t\t\t<div class=\"wc-block-grid__product-image\"><img loading=\"lazy\" decoding=\"async\" width=\"300\" height=\"300\" src=\"https:\/\/foam-world.de\/wp-content\/uploads\/FW-4246-1-0293U-300x300.jpg\" class=\"attachment-woocommerce_thumbnail size-woocommerce_thumbnail\" alt=\"Gant \u00e0 main main libre, 1 c\u00f4t\u00e9\" \/><\/div>\n\t\t\t\t\t<div class=\"wc-block-grid__product-title\">Gant \u00e0 main main libre, 1 c\u00f4t\u00e9<\/div>\n\t\t\t\t<\/a>\n\t\t\t\t<div class=\"wc-block-grid__product-price price\"><\/div>\n\t\t\t\t\n\t\t\t\t<div class=\"wp-block-button wc-block-grid__product-add-to-cart\"><a href=\"https:\/\/foam-world.de\/fr\/produkt\/winkehand-loser-hand-1-seitig\/\" aria-label=\"S\u00e9lectionner les options pour \u201cWinkehand Loser Hand, 1-Seitig\u201d\" data-quantity=\"1\" data-product_id=\"5167\" data-product_sku=\"4246-1\" data-price=\"0\" rel=\"nofollow\" class=\"wp-block-button__link  add_to_cart_button\" data-no-translation=\"\" data-trp-gettext=\"\" data-no-translation-aria-label=\"\">Lire la suite<\/a><\/div>\n\t\t\t<\/li><\/ul><\/div><\/div>\n<\/div>","protected":false},"excerpt":{"rendered":"","protected":false},"author":1,"featured_media":0,"parent":0,"menu_order":29,"comment_status":"closed","ping_status":"closed","template":"","meta":{"_et_pb_use_builder":"","_et_pb_old_content":"","_et_gb_content_width":"","footnotes":""},"dipi_cpt_category":[],"class_list":["post-46","page","type-page","status-publish","hentry"],"_links":{"self":[{"href":"https:\/\/foam-world.de\/fr\/wp-json\/wp\/v2\/pages\/46","targetHints":{"allow":["GET"]}}],"collection":[{"href":"https:\/\/foam-world.de\/fr\/wp-json\/wp\/v2\/pages"}],"about":[{"href":"https:\/\/foam-world.de\/fr\/wp-json\/wp\/v2\/types\/page"}],"author":[{"embeddable":true,"href":"https:\/\/foam-world.de\/fr\/wp-json\/wp\/v2\/users\/1"}],"replies":[{"embeddable":true,"href":"https:\/\/foam-world.de\/fr\/wp-json\/wp\/v2\/comments?post=46"}],"version-history":[{"count":1,"href":"https:\/\/foam-world.de\/fr\/wp-json\/wp\/v2\/pages\/46\/revisions"}],"predecessor-version":[{"id":70,"href":"https:\/\/foam-world.de\/fr\/wp-json\/wp\/v2\/pages\/46\/revisions\/70"}],"wp:attachment":[{"href":"https:\/\/foam-world.de\/fr\/wp-json\/wp\/v2\/media?parent=46"}],"wp:term":[{"taxonomy":"dipi_cpt_category","embeddable":true,"href":"https:\/\/foam-world.de\/fr\/wp-json\/wp\/v2\/dipi_cpt_category?post=46"}],"curies":[{"name":"wp","href":"https:\/\/api.w.org\/{rel}","templated":true}]}}