{"id":40,"date":"2023-12-20T14:10:47","date_gmt":"2023-12-20T13:10:47","guid":{"rendered":"https:\/\/foam-world.de\/?page_id=40"},"modified":"2023-12-20T18:47:37","modified_gmt":"2023-12-20T17:47:37","slug":"imprint-2","status":"publish","type":"page","link":"https:\/\/foam-world.de\/en\/impressum\/","title":{"rendered":"Imprint"},"content":{"rendered":"<p>[et_pb_section fb_built=&#8220;1&#8243; fullwidth=&#8220;on&#8220; _builder_version=&#8220;4.16&#8243; _module_preset=&#8220;default&#8220; background_enable_image=&#8220;off&#8220; global_colors_info=&#8220;{}&#8220;][et_pb_fullwidth_slider _builder_version=&#8220;4.23.1&#8243; _module_preset=&#8220;default&#8220; custom_button=&#8220;on&#8220; button_text_size=&#8220;18px&#8220; button_text_color=&#8220;#FFFFFF&#8220; button_bg_color=&#8220;#a3a3a3&#8243; button_border_width=&#8220;0px&#8220; button_font=&#8220;Open Sans Condensed|700|||||||&#8220; button_icon_color=&#8220;#FFFFFF&#8220; hover_enabled=&#8220;0&#8243; global_colors_info=&#8220;{}&#8220; button_bg_color__hover_enabled=&#8220;on|hover&#8220; button_bg_color__hover=&#8220;#e9ba29&#8243; button_bg_enable_color__hover=&#8220;on&#8220; sticky_enabled=&#8220;0&#8243;][et_pb_slide heading=&#8220;Impressum&#8220; button_text=&#8220;mehr erfahren&#8220; button_link=&#8220;#start&#8220; use_bg_overlay=&#8220;on&#8220; bg_overlay_color=&#8220;rgba(0,0,0,0.28)&#8220; _builder_version=&#8220;4.23.1&#8243; _module_preset=&#8220;default&#8220; header_font=&#8220;Open Sans|600||on|||||&#8220; header_text_color=&#8220;#FFFFFF&#8220; header_font_size=&#8220;54px&#8220; body_font=&#8220;Open Sans|300|||||||&#8220; body_text_color=&#8220;#FFFFFF&#8220; body_font_size=&#8220;24px&#8220; background_color=&#8220;#474747&#8243; background_enable_color=&#8220;on&#8220; background_enable_image=&#8220;off&#8220; hover_enabled=&#8220;0&#8243; header_font_size_tablet=&#8220;48px&#8220; header_font_size_phone=&#8220;36px&#8220; header_font_size_last_edited=&#8220;on|phone&#8220; global_colors_info=&#8220;{}&#8220; sticky_transition=&#8220;on&#8220; sticky_enabled=&#8220;0&#8243;][\/et_pb_slide][\/et_pb_fullwidth_slider][\/et_pb_section][et_pb_section fb_built=&#8220;1&#8243; fullwidth=&#8220;on&#8220; admin_label=&#8220;TRENNER Condedi&#8220; module_id=&#8220;produkte&#8220; _builder_version=&#8220;4.16&#8243; _module_preset=&#8220;default&#8220; global_colors_info=&#8220;{}&#8220;][et_pb_fullwidth_image src=&#8220;https:\/\/foam-world.de\/wp-content\/uploads\/trenner_rechts-2000fw.png&#8220; title_text=&#8220;trenner_rechts-2000fw&#8220; admin_label=&#8220;Trenner rechts&#8220; _builder_version=&#8220;4.23.1&#8243; _module_preset=&#8220;default&#8220; max_height=&#8220;100px&#8220; global_colors_info=&#8220;{}&#8220;][\/et_pb_fullwidth_image][\/et_pb_section][et_pb_section fb_built=&#8220;1&#8243; module_id=&#8220;start&#8220; _builder_version=&#8220;4.16&#8243; _module_preset=&#8220;default&#8220; global_colors_info=&#8220;{}&#8220;][et_pb_row _builder_version=&#8220;4.16&#8243; _module_preset=&#8220;default&#8220; global_colors_info=&#8220;{}&#8220;][et_pb_column type=&#8220;4_4&#8243; _builder_version=&#8220;4.16&#8243; _module_preset=&#8220;default&#8220; global_colors_info=&#8220;{}&#8220;][et_pb_text _builder_version=&#8220;4.16&#8243; _module_preset=&#8220;default&#8220; global_colors_info=&#8220;{}&#8220;]<\/p>\n<h3>Angaben gem\u00e4\u00df \u00a7 5 TMG<\/h3>\n<p>Promowolsch GmbH &amp; Co. KG<br \/>Gr\u00fcner Weg 25<br \/>59590 Geseke<\/p>\n<p>Handelsregister: HRA 8113<br \/>Registergericht: Amtsgericht Paderborn<br \/>Sitz der Gesellschaft: Geseke<\/p>\n<p><strong>Pers\u00f6nlich haftende Gesellschafterin der Promowolsch GmbH &amp; Co. KG:<\/strong><\/p>\n<p>Promowolsch Verwaltungsgesellschaft mbH<br \/>Gr\u00fcner Weg 25<br \/>59590 Geseke<\/p>\n<p>Gesch\u00e4ftsf\u00fchrer: Wolfgang Schmidt + Uwe-Karsten Brandt-Schmidt<\/p>\n<p>Handelsregister: HRB 15389<br \/>Registergericht: Amtsgericht Paderborn<br \/>Sitz der Gesellschaft: Geseke<\/p>\n<p>Umsatzsteuer-Ident.-Nr.: DE347156349<\/p>\n<p><strong>Kontaktdaten<\/strong><br \/>Telefon: +49 (0)2942-7996868<br \/>E-Mail: info@promowolsch.de<\/p>\n<p>F\u00fcr den Inhalt der Website verantwortlich ist: Uwe-Karsten Brand-Schmidt<\/p>\n<p>[\/et_pb_text][et_pb_text _builder_version=&#8220;4.16&#8243; _module_preset=&#8220;default&#8220; global_colors_info=&#8220;{}&#8220;]<\/p>\n<h3>\u00a0<\/h3>\n<h3>Disclaimer<\/h3>\n<p><strong>Keine Abmahnung ohne vorherige Kontaktaufnahme!<\/strong><\/p>\n<p>Sollte der Inhalt oder die Aufmachung unserer Angebote fremde Rechte Dritter verletzen, so bitten wir um eine entsprechende Nachricht ohne Kostennote. Die Beseitigung einer m\u00f6glicherweise von unseren Angeboten ausgehenden Schutzrechtsverletzung durch Schutzrechteinhaber selbst, darf nicht ohne unsere Zustimmung stattfinden. Wir garantieren, dass die zu Recht beanstandeten Passagen unverz\u00fcglich entfernt werden, ohne dass von Ihrer Seite die Einschaltung eines Rechtsbeistandes erforderlich ist. Dennoch von Ihnen ohne vorherige Kontaktaufnahme ausgel\u00f6ste Kosten werden wir in vollem Umfang zur\u00fcckweisen und gegebenenfalls Gegenklage wegen einer Verletzung der vorgenannten Bestimmungen einreichen.<\/p>\n<p><b>Haftungsausschluss<\/b><br \/><b>Haftung f\u00fcr Links<br \/><\/b>Unser Angebot enth\u00e4lt Links zu externen Webseiten Dritter, auf deren Inhalte wir keinen Einfluss haben. Deshalb k\u00f6nnen wir f\u00fcr diese fremden Inhalte auch keine Gew\u00e4hr \u00fcbernehmen. F\u00fcr die Inhalte der verlinkten Seiten ist stets der jeweilige Anbieter oder Betreiber der Seiten verantwortlich. Die verlinkten Seiten wurden zum Zeitpunkt der Verlinkung auf m\u00f6gliche Rechtsverst\u00f6\u00dfe \u00fcberpr\u00fcft. Rechtswidrige Inhalte waren zum Zeitpunkt der Verlinkung nicht erkennbar. Eine permanente inhaltliche Kontrolle der verlinkten Seiten ist jedoch ohne konkrete Anhaltspunkte einer Rechtsverletzung nicht zumutbar. Bei Bekanntwerden von Rechtsverletzungen werden wir derartige Links umgehend entfernen.<\/p>\n<p><b>Haftung f\u00fcr Inhalt<br \/><\/b>Die Inhalte unserer Seiten wurden mit gr\u00f6\u00dfter Sorgfalt erstellt. F\u00fcr die Richtigkeit, Vollst\u00e4ndigkeit und Aktualit\u00e4t der Inhalte k\u00f6nnen wir jedoch keine Gew\u00e4hr \u00fcbernehmen. Als Diensteanbieter sind wir gem\u00e4\u00df \u00a7 7 Abs.1 TMG f\u00fcr eigene Inhalte auf diesen Seiten nach den allgemeinen Gesetzen verantwortlich. Nach \u00a7 8 bis 10 TMG sind wir als Diensteanbieter jedoch nicht verpflichtet, \u00fcbermittelte oder gespeicherte fremde Informationen zu \u00fcberwachen oder nach Umst\u00e4nden zu forschen, die auf eine rechtswidrige T\u00e4tigkeit hinweisen. Verpflichtungen zur Entfernung oder Sperrung der Nutzung von Informationen nach den allgemeinen Gesetzen bleiben hiervon unber\u00fchrt. Eine diesbez\u00fcgliche Haftung ist jedoch erst ab dem Zeitpunkt der Kenntnis einer konkreten Rechtsverletzung m\u00f6glich. Bei Bekanntwerden von entsprechenden Rechtsverletzungen werden wir diese Inhalte umgehend entfernen.<\/p>\n<p><b>Urheberrecht<br \/><\/b>Die durch die Seitenbetreiber erstellten Inhalte und Werke auf diesen Seiten unterliegen dem deutschen Urheberrecht. Die Vervielf\u00e4ltigung, Bearbeitung, Verbreitung und jede Art der Verwertung au\u00dferhalb der Grenzen des Urheberrechtes bed\u00fcrfen der schriftlichen Zustimmung des jeweiligen Autors bzw. Erstellers. Downloads und Kopien dieser Seite sind nur f\u00fcr den privaten, nicht kommerziellen Gebrauch gestattet. Soweit die Inhalte auf dieser Seite nicht vom Betreiber erstellt wurden, werden die Urheberrechte Dritter beachtet. Insbesondere werden Inhalte Dritter als solche gekennzeichnet. Sollten Sie trotzdem auf eine Urheberrechtsverletzung aufmerksam werden, bitten wir um einen entsprechenden Hinweis. Bei Bekanntwerden von Rechtsverletzungen werden wir derartige Inhalte umgehend entfernen.<\/p>\n<p>[\/et_pb_text][\/et_pb_column][\/et_pb_row][\/et_pb_section]<\/p>\n","protected":false},"excerpt":{"rendered":"<p>Angaben gem\u00e4\u00df \u00a7 5 TMG Promowolsch GmbH &amp; Co. KGGr\u00fcner Weg 2559590 Geseke Handelsregister: HRA 8113Registergericht: Amtsgericht PaderbornSitz der Gesellschaft: Geseke Pers\u00f6nlich haftende Gesellschafterin der Promowolsch GmbH &amp; Co. KG: Promowolsch Verwaltungsgesellschaft mbHGr\u00fcner Weg 2559590 Geseke Gesch\u00e4ftsf\u00fchrer: Wolfgang Schmidt + Uwe-Karsten Brandt-Schmidt Handelsregister: HRB 15389Registergericht: Amtsgericht PaderbornSitz der Gesellschaft: Geseke Umsatzsteuer-Ident.-Nr.: DE347156349 KontaktdatenTelefon: +49 (0)2942-7996868E-Mail: [&hellip;]<\/p>\n","protected":false},"author":1,"featured_media":0,"parent":0,"menu_order":20,"comment_status":"closed","ping_status":"closed","template":"","meta":{"_et_pb_use_builder":"on","_et_pb_old_content":"","_et_gb_content_width":"","footnotes":""},"dipi_cpt_category":[],"class_list":["post-40","page","type-page","status-publish","hentry"],"_links":{"self":[{"href":"https:\/\/foam-world.de\/en\/wp-json\/wp\/v2\/pages\/40","targetHints":{"allow":["GET"]}}],"collection":[{"href":"https:\/\/foam-world.de\/en\/wp-json\/wp\/v2\/pages"}],"about":[{"href":"https:\/\/foam-world.de\/en\/wp-json\/wp\/v2\/types\/page"}],"author":[{"embeddable":true,"href":"https:\/\/foam-world.de\/en\/wp-json\/wp\/v2\/users\/1"}],"replies":[{"embeddable":true,"href":"https:\/\/foam-world.de\/en\/wp-json\/wp\/v2\/comments?post=40"}],"version-history":[{"count":9,"href":"https:\/\/foam-world.de\/en\/wp-json\/wp\/v2\/pages\/40\/revisions"}],"predecessor-version":[{"id":149,"href":"https:\/\/foam-world.de\/en\/wp-json\/wp\/v2\/pages\/40\/revisions\/149"}],"wp:attachment":[{"href":"https:\/\/foam-world.de\/en\/wp-json\/wp\/v2\/media?parent=40"}],"wp:term":[{"taxonomy":"dipi_cpt_category","embeddable":true,"href":"https:\/\/foam-world.de\/en\/wp-json\/wp\/v2\/dipi_cpt_category?post=40"}],"curies":[{"name":"wp","href":"https:\/\/api.w.org\/{rel}","templated":true}]}}