{"id":16,"date":"2023-12-20T12:18:46","date_gmt":"2023-12-20T11:18:46","guid":{"rendered":"https:\/\/foam-world.de\/?page_id=16"},"modified":"2023-12-21T21:11:44","modified_gmt":"2023-12-21T20:11:44","slug":"home","status":"publish","type":"page","link":"https:\/\/foam-world.de\/en\/","title":{"rendered":"Home"},"content":{"rendered":"<p>[et_pb_section fb_built=&#8220;1&#8243; fullwidth=&#8220;on&#8220; _builder_version=&#8220;4.16&#8243; _module_preset=&#8220;default&#8220; background_enable_image=&#8220;off&#8220; global_colors_info=&#8220;{}&#8220;][et_pb_fullwidth_header title=&#8220;   World of Foams.&#8220; header_fullscreen=&#8220;on&#8220; button_one_text=&#8220;Zu unseren Produkten&#8220; button_one_url=&#8220;#produkte&#8220; button_two_text=&#8220;\u00dcber Foamworld&#8220; button_two_url=&#8220;#wir&#8220; logo_image_url=&#8220;https:\/\/foam-world.de\/wp-content\/uploads\/Foamwolrd-Logo-1reihig.png&#8220; _builder_version=&#8220;4.23.1&#8243; _module_preset=&#8220;default&#8220; title_font=&#8220;Open Sans||||||||&#8220; title_text_color=&#8220;#000000&#8243; subhead_text_color=&#8220;RGBA(0,0,0,0)&#8220; background_color=&#8220;RGBA(0,0,0,0)&#8220; use_background_color_gradient=&#8220;on&#8220; background_color_gradient_stops=&#8220;#ffffff 45%|#000000 55%&#8220; background_color_gradient_start=&#8220;#ffffff&#8220; background_color_gradient_start_position=&#8220;45%&#8220; background_color_gradient_end=&#8220;#000000&#8243; background_color_gradient_end_position=&#8220;55%&#8220; background_image=&#8220;https:\/\/foam-world.de\/wp-content\/uploads\/Header_Foamworld203.jpg&#8220; background_size=&#8220;contain&#8220; custom_button_one=&#8220;on&#8220; button_one_bg_color=&#8220;RGBA(0,0,0,0)&#8220; button_one_border_width=&#8220;1px&#8220; button_one_border_radius=&#8220;0px&#8220; button_one_font=&#8220;Open Sans Condensed|700|||||||&#8220; custom_button_two=&#8220;on&#8220; button_two_border_width=&#8220;1px&#8220; button_two_border_radius=&#8220;1px&#8220; button_two_font=&#8220;Open Sans Condensed|700|||||||&#8220; background_last_edited=&#8220;off|desktop&#8220; global_colors_info=&#8220;{}&#8220; background__hover_enabled=&#8220;off|desktop&#8220; button_one_bg_color__hover_enabled=&#8220;on|desktop&#8220; button_one_bg_color__hover=&#8220;#e9ba29&#8243; button_one_bg_enable_color__hover=&#8220;on&#8220; button_two_bg_color__hover_enabled=&#8220;on|hover&#8220; button_two_bg_color__hover=&#8220;#e9ba29&#8243; button_two_bg_enable_color__hover=&#8220;on&#8220;]<\/p>\n<p><img loading=\"lazy\" decoding=\"async\" class=\"wp-image-950 alignnone size-full\" src=\"https:\/\/foam-world.de\/wp-content\/uploads\/leer.png\" alt=\"\" width=\"150\" height=\"150\" srcset=\"https:\/\/foam-world.de\/wp-content\/uploads\/leer.png 150w, https:\/\/foam-world.de\/wp-content\/uploads\/leer-100x100.png 100w\" sizes=\"(max-width: 150px) 100vw, 150px\" \/><\/p>\n<p>&nbsp;<\/p>\n<p>&nbsp;<\/p>\n<p>[\/et_pb_fullwidth_header][\/et_pb_section][et_pb_section fb_built=&#8220;1&#8243; fullwidth=&#8220;on&#8220; admin_label=&#8220;TRENNER #produkte&#8220; module_id=&#8220;produkte&#8220; _builder_version=&#8220;4.23.1&#8243; _module_preset=&#8220;default&#8220; global_colors_info=&#8220;{}&#8220;][et_pb_fullwidth_image src=&#8220;https:\/\/foam-world.de\/wp-content\/uploads\/trenner_rechts-2000fw.png&#8220; title_text=&#8220;trenner_rechts-2000fw&#8220; admin_label=&#8220;Trenner rechts&#8220; _builder_version=&#8220;4.16&#8243; _module_preset=&#8220;default&#8220; max_height=&#8220;100px&#8220; global_colors_info=&#8220;{}&#8220;][\/et_pb_fullwidth_image][\/et_pb_section][et_pb_section fb_built=&#8220;1&#8243; admin_label=&#8220;PRODUKTE&#8220; module_id=&#8220;produkte&#8220; _builder_version=&#8220;4.16&#8243; _module_preset=&#8220;default&#8220; background_color=&#8220;#FFFFFF&#8220; background_enable_image=&#8220;off&#8220; background_size=&#8220;contain&#8220; background_position=&#8220;center_right&#8220; global_colors_info=&#8220;{}&#8220;][et_pb_row _builder_version=&#8220;4.16&#8243; _module_preset=&#8220;default&#8220; global_colors_info=&#8220;{}&#8220;][et_pb_column type=&#8220;4_4&#8243; _builder_version=&#8220;4.16&#8243; _module_preset=&#8220;default&#8220; global_colors_info=&#8220;{}&#8220;][et_pb_text _builder_version=&#8220;4.16&#8243; _module_preset=&#8220;default&#8220; global_colors_info=&#8220;{}&#8220;][\/et_pb_text][\/et_pb_column][\/et_pb_row][et_pb_row column_structure=&#8220;1_3,1_3,1_3&#8243; _builder_version=&#8220;4.23.1&#8243; _module_preset=&#8220;default&#8220; border_color_all=&#8220;#000000&#8243; global_colors_info=&#8220;{}&#8220;][et_pb_column type=&#8220;1_3&#8243; _builder_version=&#8220;4.23.1&#8243; _module_preset=&#8220;default&#8220; custom_padding=&#8220;|0px|||false|false&#8220; border_width_all=&#8220;1px&#8220; border_color_all=&#8220;#fbbd22&#8243; global_colors_info=&#8220;{}&#8220; custom_padding__hover_enabled=&#8220;off|desktop&#8220;][et_pb_blurb title=&#8220;Sitzkissen&#8220; image=&#8220;https:\/\/foam-world.de\/wp-content\/uploads\/Icon_kissen.png&#8220; admin_label=&#8220;Sitzkissen&#8220; _builder_version=&#8220;4.23.1&#8243; _module_preset=&#8220;default&#8220; header_level=&#8220;h1&#8243; header_font=&#8220;|700|||||||&#8220; header_text_align=&#8220;center&#8220; header_text_color=&#8220;#000000&#8243; header_font_size=&#8220;36px&#8220; body_text_align=&#8220;center&#8220; body_text_color=&#8220;#6b6b6b&#8220; body_font_size=&#8220;18px&#8220; custom_margin=&#8220;|0px||0px|false|false&#8220; custom_padding=&#8220;25px|25px|30px|25px|false|false&#8220; animation_style=&#8220;fade&#8220; animation_duration=&#8220;1500ms&#8220; global_colors_info=&#8220;{}&#8220;][\/et_pb_blurb][et_pb_button button_url=&#8220;https:\/\/foam-world.de\/produkt-kategorie\/sitzkissen\/&#8220; button_text=&#8220;mehr erfahren&#8220; button_alignment=&#8220;center&#8220; _builder_version=&#8220;4.23.1&#8243; _module_preset=&#8220;default&#8220; custom_button=&#8220;on&#8220; button_text_color=&#8220;#ffffff&#8220; button_bg_color=&#8220;#000000&#8243; button_border_width=&#8220;0px&#8220; button_border_radius=&#8220;0px&#8220; button_font=&#8220;|700|||||||&#8220; custom_padding=&#8220;||30px||false|false&#8220; global_colors_info=&#8220;{}&#8220; button_bg_color__hover_enabled=&#8220;on|hover&#8220; button_bg_color__hover=&#8220;#e9ba29&#8243; button_bg_enable_color__hover=&#8220;on&#8220;][\/et_pb_button][\/et_pb_column][et_pb_column type=&#8220;1_3&#8243; _builder_version=&#8220;4.23.1&#8243; _module_preset=&#8220;default&#8220; border_width_all=&#8220;1px&#8220; border_color_all=&#8220;#fbbd22&#8243; global_colors_info=&#8220;{}&#8220;][et_pb_blurb title=&#8220;Winkeh\u00e4nde&#8220; image=&#8220;https:\/\/foam-world.de\/wp-content\/uploads\/icon_hand.png&#8220; admin_label=&#8220;Winkeh\u00e4nde&#8220; _builder_version=&#8220;4.23.1&#8243; _module_preset=&#8220;default&#8220; header_level=&#8220;h1&#8243; header_font=&#8220;|700|||||||&#8220; header_text_align=&#8220;center&#8220; header_text_color=&#8220;#000000&#8243; header_font_size=&#8220;36px&#8220; body_text_align=&#8220;center&#8220; body_text_color=&#8220;#6b6b6b&#8220; body_font_size=&#8220;18px&#8220; custom_margin=&#8220;||||false|false&#8220; custom_padding=&#8220;25px|25px|30px|25px|false|false&#8220; animation_style=&#8220;zoom&#8220; animation_duration=&#8220;1500ms&#8220; global_colors_info=&#8220;{}&#8220;][\/et_pb_blurb][et_pb_button button_url=&#8220;https:\/\/foam-world.de\/produkt-kategorie\/winkehaende\/&#8220; button_text=&#8220;mehr erfahren&#8220; button_alignment=&#8220;center&#8220; _builder_version=&#8220;4.23.1&#8243; _module_preset=&#8220;default&#8220; custom_button=&#8220;on&#8220; button_text_color=&#8220;#ffffff&#8220; button_bg_color=&#8220;#000000&#8243; button_border_width=&#8220;0px&#8220; button_border_radius=&#8220;0px&#8220; button_font=&#8220;|700|||||||&#8220; custom_padding=&#8220;||30px||false|false&#8220; global_colors_info=&#8220;{}&#8220; button_bg_color__hover_enabled=&#8220;on|hover&#8220; button_bg_color__hover=&#8220;#e9ba29&#8243; button_bg_enable_color__hover=&#8220;on&#8220;][\/et_pb_button][\/et_pb_column][et_pb_column type=&#8220;1_3&#8243; _builder_version=&#8220;4.23.1&#8243; _module_preset=&#8220;default&#8220; border_width_all=&#8220;1px&#8220; border_color_all=&#8220;#fbbd22&#8243; global_colors_info=&#8220;{}&#8220;][et_pb_blurb title=&#8220;Fanartikel&#8220; image=&#8220;https:\/\/foam-world.de\/wp-content\/uploads\/icon_fan.png&#8220; admin_label=&#8220;Fanartikel&#8220; _builder_version=&#8220;4.23.1&#8243; _module_preset=&#8220;default&#8220; header_level=&#8220;h1&#8243; header_font=&#8220;|700|||||||&#8220; header_text_align=&#8220;center&#8220; header_text_color=&#8220;#000000&#8243; header_font_size=&#8220;36px&#8220; body_text_align=&#8220;center&#8220; body_text_color=&#8220;#6b6b6b&#8220; body_font_size=&#8220;18px&#8220; custom_margin=&#8220;||||false|false&#8220; custom_padding=&#8220;25px|25px|30px|25px|false|false&#8220; animation_style=&#8220;fade&#8220; animation_duration=&#8220;1500ms&#8220; global_colors_info=&#8220;{}&#8220;][\/et_pb_blurb][et_pb_button button_url=&#8220;https:\/\/foam-world.de\/produkt-kategorie\/fanartikel\/&#8220; button_text=&#8220;mehr erfahren&#8220; button_alignment=&#8220;center&#8220; _builder_version=&#8220;4.23.1&#8243; _module_preset=&#8220;default&#8220; custom_button=&#8220;on&#8220; button_text_color=&#8220;#ffffff&#8220; button_bg_color=&#8220;#000000&#8243; button_border_width=&#8220;0px&#8220; button_border_radius=&#8220;0px&#8220; button_font=&#8220;|700|||||||&#8220; custom_padding=&#8220;||30px||false|false&#8220; global_colors_info=&#8220;{}&#8220; button_bg_color__hover_enabled=&#8220;on|hover&#8220; button_bg_color__hover=&#8220;#e9ba29&#8243; button_bg_enable_color__hover=&#8220;on&#8220;][\/et_pb_button][\/et_pb_column][\/et_pb_row][et_pb_row column_structure=&#8220;1_3,1_3,1_3&#8243; _builder_version=&#8220;4.23.1&#8243; _module_preset=&#8220;default&#8220; border_color_all=&#8220;#000000&#8243; global_colors_info=&#8220;{}&#8220;][et_pb_column type=&#8220;1_3&#8243; _builder_version=&#8220;4.23.1&#8243; _module_preset=&#8220;default&#8220; custom_padding=&#8220;|0px|||false|false&#8220; border_width_all=&#8220;1px&#8220; border_color_all=&#8220;#fbbd22&#8243; global_colors_info=&#8220;{}&#8220; custom_padding__hover_enabled=&#8220;off|desktop&#8220;][et_pb_blurb title=&#8220;Give-Aways&#8220; image=&#8220;https:\/\/foam-world.de\/wp-content\/uploads\/icon_giveaway.png&#8220; admin_label=&#8220;Give-Aways&#8220; _builder_version=&#8220;4.23.1&#8243; _module_preset=&#8220;default&#8220; header_level=&#8220;h1&#8243; header_font=&#8220;|700|||||||&#8220; header_text_align=&#8220;center&#8220; header_text_color=&#8220;#000000&#8243; header_font_size=&#8220;36px&#8220; body_text_align=&#8220;center&#8220; body_text_color=&#8220;#6b6b6b&#8220; body_font_size=&#8220;18px&#8220; custom_margin=&#8220;|0px||0px|false|false&#8220; custom_padding=&#8220;25px|25px|30px|25px|false|false&#8220; animation_style=&#8220;fade&#8220; animation_duration=&#8220;1500ms&#8220; global_colors_info=&#8220;{}&#8220;][\/et_pb_blurb][et_pb_button button_url=&#8220;https:\/\/foam-world.de\/produkt-kategorie\/give-aways\/&#8220; button_text=&#8220;mehr erfahren&#8220; button_alignment=&#8220;center&#8220; _builder_version=&#8220;4.23.1&#8243; _module_preset=&#8220;default&#8220; custom_button=&#8220;on&#8220; button_text_color=&#8220;#ffffff&#8220; button_bg_color=&#8220;#000000&#8243; button_border_width=&#8220;0px&#8220; button_border_radius=&#8220;0px&#8220; button_font=&#8220;|700|||||||&#8220; custom_padding=&#8220;||30px||false|false&#8220; global_colors_info=&#8220;{}&#8220; button_bg_color__hover_enabled=&#8220;on|hover&#8220; button_bg_color__hover=&#8220;#e9ba29&#8243; button_bg_enable_color__hover=&#8220;on&#8220;][\/et_pb_button][\/et_pb_column][et_pb_column type=&#8220;1_3&#8243; _builder_version=&#8220;4.23.1&#8243; _module_preset=&#8220;default&#8220; border_width_all=&#8220;1px&#8220; border_color_all=&#8220;#fbbd22&#8243; global_colors_info=&#8220;{}&#8220;][et_pb_blurb title=&#8220;Aqua&#8220; image=&#8220;https:\/\/foam-world.de\/wp-content\/uploads\/icon_aqua.png&#8220; admin_label=&#8220;Aqua&#8220; _builder_version=&#8220;4.23.1&#8243; _module_preset=&#8220;default&#8220; header_level=&#8220;h1&#8243; header_font=&#8220;|700|||||||&#8220; header_text_align=&#8220;center&#8220; header_text_color=&#8220;#000000&#8243; header_font_size=&#8220;36px&#8220; body_text_align=&#8220;center&#8220; body_text_color=&#8220;#6b6b6b&#8220; body_font_size=&#8220;18px&#8220; custom_margin=&#8220;||||false|false&#8220; custom_padding=&#8220;25px|25px|30px|25px|false|false&#8220; animation_style=&#8220;zoom&#8220; animation_duration=&#8220;1500ms&#8220; global_colors_info=&#8220;{}&#8220;][\/et_pb_blurb][et_pb_button button_url=&#8220;https:\/\/foam-world.de\/produkt-kategorie\/aqua\/&#8220; button_text=&#8220;mehr erfahren&#8220; button_alignment=&#8220;center&#8220; _builder_version=&#8220;4.23.1&#8243; _module_preset=&#8220;default&#8220; custom_button=&#8220;on&#8220; button_text_color=&#8220;#ffffff&#8220; button_bg_color=&#8220;#000000&#8243; button_border_width=&#8220;0px&#8220; button_border_radius=&#8220;0px&#8220; button_font=&#8220;|700|||||||&#8220; custom_padding=&#8220;||30px||false|false&#8220; global_colors_info=&#8220;{}&#8220; button_bg_color__hover_enabled=&#8220;on|hover&#8220; button_bg_color__hover=&#8220;#e9ba29&#8243; button_bg_enable_color__hover=&#8220;on&#8220;][\/et_pb_button][\/et_pb_column][et_pb_column type=&#8220;1_3&#8243; _builder_version=&#8220;4.23.1&#8243; _module_preset=&#8220;default&#8220; border_width_all=&#8220;1px&#8220; border_color_all=&#8220;#fbbd22&#8243; global_colors_info=&#8220;{}&#8220;][et_pb_blurb title=&#8220;Schw\u00e4mme&#8220; image=&#8220;https:\/\/foam-world.de\/wp-content\/uploads\/icon_sponge.png&#8220; admin_label=&#8220;Schw\u00e4mme&#8220; _builder_version=&#8220;4.23.1&#8243; _module_preset=&#8220;default&#8220; header_level=&#8220;h1&#8243; header_font=&#8220;|700|||||||&#8220; header_text_align=&#8220;center&#8220; header_text_color=&#8220;#000000&#8243; header_font_size=&#8220;36px&#8220; body_text_align=&#8220;center&#8220; body_text_color=&#8220;#6b6b6b&#8220; body_font_size=&#8220;18px&#8220; custom_margin=&#8220;||||false|false&#8220; custom_padding=&#8220;25px|25px|30px|25px|false|false&#8220; animation_style=&#8220;fade&#8220; animation_duration=&#8220;1500ms&#8220; global_colors_info=&#8220;{}&#8220;][\/et_pb_blurb][et_pb_button button_url=&#8220;https:\/\/foam-world.de\/produkt-kategorie\/schwaemme\/&#8220; button_text=&#8220;mehr erfahren&#8220; button_alignment=&#8220;center&#8220; _builder_version=&#8220;4.23.1&#8243; _module_preset=&#8220;default&#8220; custom_button=&#8220;on&#8220; button_text_color=&#8220;#ffffff&#8220; button_bg_color=&#8220;#000000&#8243; button_border_width=&#8220;0px&#8220; button_border_radius=&#8220;0px&#8220; button_font=&#8220;|700|||||||&#8220; custom_padding=&#8220;||30px||false|false&#8220; global_colors_info=&#8220;{}&#8220; button_bg_color__hover_enabled=&#8220;on|hover&#8220; button_bg_color__hover=&#8220;#e9ba29&#8243; button_bg_enable_color__hover=&#8220;on&#8220;][\/et_pb_button][\/et_pb_column][\/et_pb_row][et_pb_row _builder_version=&#8220;4.16&#8243; _module_preset=&#8220;default&#8220; global_colors_info=&#8220;{}&#8220;][et_pb_column type=&#8220;4_4&#8243; _builder_version=&#8220;4.16&#8243; _module_preset=&#8220;default&#8220; global_colors_info=&#8220;{}&#8220;][et_pb_search exclude_pages=&#8220;off&#8220; button_color=&#8220;#937365&#8243; _builder_version=&#8220;4.16&#8243; _module_preset=&#8220;default&#8220; button_text_color=&#8220;#FFFFFF&#8220; button_font_size=&#8220;22px&#8220; form_field_font_size=&#8220;24px&#8220; animation_style=&#8220;fade&#8220; global_colors_info=&#8220;{}&#8220;][\/et_pb_search][\/et_pb_column][\/et_pb_row][et_pb_row _builder_version=&#8220;4.16&#8243; _module_preset=&#8220;default&#8220; global_colors_info=&#8220;{}&#8220;][et_pb_column type=&#8220;4_4&#8243; _builder_version=&#8220;4.16&#8243; _module_preset=&#8220;default&#8220; global_colors_info=&#8220;{}&#8220;][et_pb_text _builder_version=&#8220;4.16&#8243; _module_preset=&#8220;default&#8220; global_colors_info=&#8220;{}&#8220;]<\/p>\n<p>&nbsp;<\/p>\n<p>&nbsp;<\/p>\n<p>[\/et_pb_text][\/et_pb_column][\/et_pb_row][\/et_pb_section][et_pb_section fb_built=&#8220;1&#8243; fullwidth=&#8220;on&#8220; admin_label=&#8220;TRENNER #wir&#8220; module_id=&#8220;wir&#8220; _builder_version=&#8220;4.23.1&#8243; _module_preset=&#8220;default&#8220; global_colors_info=&#8220;{}&#8220;][et_pb_fullwidth_image src=&#8220;https:\/\/foam-world.de\/wp-content\/uploads\/trenner_links-2000fw.png&#8220; title_text=&#8220;trenner_links-2000fw&#8220; admin_label=&#8220;Trenner rechts&#8220; _builder_version=&#8220;4.16&#8243; _module_preset=&#8220;default&#8220; max_height=&#8220;100px&#8220; global_colors_info=&#8220;{}&#8220;][\/et_pb_fullwidth_image][\/et_pb_section][et_pb_section fb_built=&#8220;1&#8243; admin_label=&#8220;SEKTION \u00dcber Foamworld&#8220; _builder_version=&#8220;4.23.1&#8243; _module_preset=&#8220;default&#8220; background_enable_color=&#8220;off&#8220; background_image=&#8220;https:\/\/foam-world.de\/wp-content\/uploads\/Foamworld-Finger-Hintergrund.jpg&#8220; background_position=&#8220;top_left&#8220; hover_enabled=&#8220;0&#8243; background_last_edited=&#8220;on|phone&#8220; background_size_phone=&#8220;cover&#8220; background_position_phone=&#8220;center_left&#8220; global_colors_info=&#8220;{}&#8220; sticky_enabled=&#8220;0&#8243;][et_pb_row _builder_version=&#8220;4.16&#8243; _module_preset=&#8220;default&#8220; global_colors_info=&#8220;{}&#8220;][et_pb_column type=&#8220;4_4&#8243; _builder_version=&#8220;4.16&#8243; _module_preset=&#8220;default&#8220; global_colors_info=&#8220;{}&#8220;][et_pb_text _builder_version=&#8220;4.23.1&#8243; _module_preset=&#8220;default&#8220; header_font=&#8220;Open Sans|600|||||||&#8220; header_text_color=&#8220;#ffffff&#8220; header_font_size=&#8220;45px&#8220; header_2_font=&#8220;Open Sans|300|||||||&#8220; header_2_text_color=&#8220;#ffffff&#8220; header_2_font_size=&#8220;24px&#8220; header_font_size_tablet=&#8220;45px&#8220; header_font_size_phone=&#8220;30px&#8220; header_font_size_last_edited=&#8220;on|phone&#8220; header_2_font_size_tablet=&#8220;24px&#8220; header_2_font_size_phone=&#8220;23px&#8220; header_2_font_size_last_edited=&#8220;on|phone&#8220; global_colors_info=&#8220;{}&#8220;]<\/p>\n<h2>\u00a0<\/h2>\n<h2>\u00dcber Foamworld<\/h2>\n<h1>WILLKOMMEN IN DER WELT DER SCH\u00c4UME!<\/h1>\n<h2>\u00a0<\/h2>\n<p>[\/et_pb_text][\/et_pb_column][\/et_pb_row][et_pb_row _builder_version=&#8220;4.16&#8243; _module_preset=&#8220;default&#8220; global_colors_info=&#8220;{}&#8220;][et_pb_column type=&#8220;4_4&#8243; _builder_version=&#8220;4.16&#8243; _module_preset=&#8220;default&#8220; global_colors_info=&#8220;{}&#8220;][et_pb_text _builder_version=&#8220;4.23.1&#8243; _module_preset=&#8220;default&#8220; text_font=&#8220;Open Sans|300|||||||&#8220; text_text_color=&#8220;#ffffff&#8220; text_font_size=&#8220;22px&#8220; text_letter_spacing=&#8220;1px&#8220; text_line_height=&#8220;2em&#8220; header_font=&#8220;Open Sans|600|||||||&#8220; header_text_color=&#8220;#ffffff&#8220; header_font_size=&#8220;45px&#8220; header_2_font=&#8220;Open Sans|300|||||||&#8220; header_2_text_color=&#8220;#ffffff&#8220; header_2_font_size=&#8220;28px&#8220; custom_padding=&#8220;||75px||false|false&#8220; text_font_size_tablet=&#8220;&#8220; text_font_size_phone=&#8220;16px&#8220; text_font_size_last_edited=&#8220;on|phone&#8220; global_colors_info=&#8220;{}&#8220;]<\/p>\n<p>Sie suchen einen Werbeartikel, der innovativ, n\u00fctzlich, sichtbar, umweltbewu\u00dft, bezahlbar und in Europa produziert wird ? In diesem Katalog finden Sie starke Werbetr\u00e4ger f\u00fcr jeden Gesch\u00e4ftsbereich. Dar\u00fcber hinaus stellen wir auch Produkte auf Ma\u00df f\u00fcr Sie her.<\/p>\n<p>S\u00e4mtliche Rohmaterialien, Sch\u00e4ume und Verdedlungstechniken, die f\u00fcr die Herstellung unserer Produkte verwendet werden, entsprechen den zust\u00e4ndigen EU-Normen. Die meisten Artikel werden auf Bestellung produziert und sind kurzfristig lieferbar.<\/p>\n<p>Mit \u00fcber 35 Jahren Erfahrung in der Produktion und Vermarktung von Schaumstoffen f\u00fcr den Werbeartikelbereich sind Sie bei uns an der richtigen Adresse.<\/p>\n<p><b>Wir freuen uns auf Sie!<\/b><\/p>\n<p>&nbsp;<\/p>\n<p>&nbsp;<\/p>\n<p>[\/et_pb_text][\/et_pb_column][\/et_pb_row][\/et_pb_section]<\/p>\n","protected":false},"excerpt":{"rendered":"<p>&nbsp; &nbsp;&nbsp; &nbsp;\u00a0 \u00dcber Foamworld WILLKOMMEN IN DER WELT DER SCH\u00c4UME! \u00a0Sie suchen einen Werbeartikel, der innovativ, n\u00fctzlich, sichtbar, umweltbewu\u00dft, bezahlbar und in Europa produziert wird ? In diesem Katalog finden Sie starke Werbetr\u00e4ger f\u00fcr jeden Gesch\u00e4ftsbereich. Dar\u00fcber hinaus stellen wir auch Produkte auf Ma\u00df f\u00fcr Sie her. S\u00e4mtliche Rohmaterialien, Sch\u00e4ume und Verdedlungstechniken, die f\u00fcr [&hellip;]<\/p>\n","protected":false},"author":1,"featured_media":0,"parent":0,"menu_order":1,"comment_status":"closed","ping_status":"closed","template":"","meta":{"_et_pb_use_builder":"on","_et_pb_old_content":"","_et_gb_content_width":"","footnotes":""},"dipi_cpt_category":[],"class_list":["post-16","page","type-page","status-publish","hentry"],"_links":{"self":[{"href":"https:\/\/foam-world.de\/en\/wp-json\/wp\/v2\/pages\/16","targetHints":{"allow":["GET"]}}],"collection":[{"href":"https:\/\/foam-world.de\/en\/wp-json\/wp\/v2\/pages"}],"about":[{"href":"https:\/\/foam-world.de\/en\/wp-json\/wp\/v2\/types\/page"}],"author":[{"embeddable":true,"href":"https:\/\/foam-world.de\/en\/wp-json\/wp\/v2\/users\/1"}],"replies":[{"embeddable":true,"href":"https:\/\/foam-world.de\/en\/wp-json\/wp\/v2\/comments?post=16"}],"version-history":[{"count":10,"href":"https:\/\/foam-world.de\/en\/wp-json\/wp\/v2\/pages\/16\/revisions"}],"predecessor-version":[{"id":1568,"href":"https:\/\/foam-world.de\/en\/wp-json\/wp\/v2\/pages\/16\/revisions\/1568"}],"wp:attachment":[{"href":"https:\/\/foam-world.de\/en\/wp-json\/wp\/v2\/media?parent=16"}],"wp:term":[{"taxonomy":"dipi_cpt_category","embeddable":true,"href":"https:\/\/foam-world.de\/en\/wp-json\/wp\/v2\/dipi_cpt_category?post=16"}],"curies":[{"name":"wp","href":"https:\/\/api.w.org\/{rel}","templated":true}]}}